{"id":6,"date":"2018-12-17T09:39:45","date_gmt":"2018-12-17T08:39:45","guid":{"rendered":"https:\/\/sbz-kyffhaeuserkreis.spdns.de\/foerderverein\/?page_id=6"},"modified":"2019-07-05T14:43:22","modified_gmt":"2019-07-05T12:43:22","slug":"satzung","status":"publish","type":"page","link":"https:\/\/sbz-kyffhaeuserkreis.spdns.de\/foerderverein\/?page_id=6","title":{"rendered":"Satzung"},"content":{"rendered":"\n<p style=\"text-align:center\" class=\"has-background has-very-light-gray-background-color\">Die Satzung des &#8222;F\u00f6rdervereins des Staatlichen Berufsschulzentrums Kyffh\u00e4userkreis 1994 e.V.&#8220; k\u00f6nnen Sie bei folgendem Link herunterladen und lesen:<br><\/p>\n\n\n\n<p style=\"text-align:center\" class=\"has-text-color has-background has-medium-font-size has-vivid-cyan-blue-color has-very-light-gray-background-color\"><a href=\"https:\/\/sbz-kyffhaeuserkreis.spdns.de\/foerderverein\/wp-content\/uploads\/2019\/01\/Satzung.pdf\"><strong>Satzung<\/strong><\/a><strong> <\/strong><\/p>\n","protected":false},"excerpt":{"rendered":"<p>Die Satzung des &#8222;F\u00f6rdervereins des Staatlichen Berufsschulzentrums Kyffh\u00e4userkreis 1994 e.V.&#8220; k\u00f6nnen Sie bei folgendem Link herunterladen und lesen: Satzung<\/p>\n","protected":false},"author":2,"featured_media":0,"parent":0,"menu_order":0,"comment_status":"closed","ping_status":"closed","template":"","meta":[],"_links":{"self":[{"href":"https:\/\/sbz-kyffhaeuserkreis.spdns.de\/foerderverein\/index.php?rest_route=\/wp\/v2\/pages\/6"}],"collection":[{"href":"https:\/\/sbz-kyffhaeuserkreis.spdns.de\/foerderverein\/index.php?rest_route=\/wp\/v2\/pages"}],"about":[{"href":"https:\/\/sbz-kyffhaeuserkreis.spdns.de\/foerderverein\/index.php?rest_route=\/wp\/v2\/types\/page"}],"author":[{"embeddable":true,"href":"https:\/\/sbz-kyffhaeuserkreis.spdns.de\/foerderverein\/index.php?rest_route=\/wp\/v2\/users\/2"}],"replies":[{"embeddable":true,"href":"https:\/\/sbz-kyffhaeuserkreis.spdns.de\/foerderverein\/index.php?rest_route=%2Fwp%2Fv2%2Fcomments&post=6"}],"version-history":[{"count":7,"href":"https:\/\/sbz-kyffhaeuserkreis.spdns.de\/foerderverein\/index.php?rest_route=\/wp\/v2\/pages\/6\/revisions"}],"predecessor-version":[{"id":191,"href":"https:\/\/sbz-kyffhaeuserkreis.spdns.de\/foerderverein\/index.php?rest_route=\/wp\/v2\/pages\/6\/revisions\/191"}],"wp:attachment":[{"href":"https:\/\/sbz-kyffhaeuserkreis.spdns.de\/foerderverein\/index.php?rest_route=%2Fwp%2Fv2%2Fmedia&parent=6"}],"curies":[{"name":"wp","href":"https:\/\/api.w.org\/{rel}","templated":true}]}}