{"id":45,"date":"2019-01-06T18:49:13","date_gmt":"2019-01-06T17:49:13","guid":{"rendered":"https:\/\/sbz-kyffhaeuserkreis.spdns.de\/foerderverein\/?page_id=45"},"modified":"2025-01-12T23:34:19","modified_gmt":"2025-01-12T22:34:19","slug":"schulengel","status":"publish","type":"page","link":"https:\/\/sbz-kyffhaeuserkreis.spdns.de\/foerderverein\/?page_id=45","title":{"rendered":"Gooding"},"content":{"rendered":"<p><img src=\"https:\/\/gooding.s3.amazonaws.com\/assets\/img\/logo\/gooding-logo-589c4fd1c8.svg\"><\/p>\n\n\n<p class=\"has-very-light-gray-background-color has-background\">Sie k\u00f6nnen ganz einfach beim Online-Shopping dem F\u00f6rderverein eine kleine Spende zukommen lassen. <br>Aber wie geht das?<br>Indem Sie einen kleinen Umweg \u00fcber Gooding gehen, dort den F\u00f6rderverein des SBZ-Kyffh\u00e4user ausw\u00e4hlen, den Online-Shop Ihrer Wahl best\u00e4tigen und wie gewohnt dem Onlineshoppingvergn\u00fcgen nachgehen. Automatisch wird Schulengel einen kleinen Prozentbetrag Ihres Einkaufes (ohne, dass dieser f\u00fcr Sie teurer wird!) unserem F\u00f6rderverein zugute kommen lassen. Und das alles ist mit und ohne Registrierung m\u00f6glich. Versuchen Sie es doch einfach mal, wir w\u00fcrden uns freuen!<\/p>\n\n\n<p style=\"text-align: center;\"><a href=\"https:\/\/einkaufen.gooding.de\/foerderverein-des-staatlichen-berufsschulzentrums-kyffhaeuserkreis-1994-e-v-121925\">Shopping-Link<\/a><\/p>\n<p style=\"text-align: center;\"><a href=\"https:\/\/spenden.gooding.de\/foerderverein-des-staatlichen-berufsschulzentrums-kyffhaeuserkreis-1994-e-v-121925\">Spenden-Link<\/a><\/p>\n<p style=\"text-align: center;\"><a href=\"https:\/\/www.gooding.de\/foerderverein-des-staatlichen-berufsschulzentrums-kyffhaeuserkreis-1994-e-v-121925\" target=\"_blank\" rel=\"noopener\">Gooding Seite des Vereins<\/a><\/p>","protected":false},"excerpt":{"rendered":"<p>Sie k\u00f6nnen ganz einfach beim Online-Shopping dem F\u00f6rderverein eine kleine Spende zukommen lassen. Aber wie geht das?Indem Sie einen kleinen Umweg \u00fcber Gooding gehen, dort&#8230;<\/p>\n","protected":false},"author":2,"featured_media":108,"parent":0,"menu_order":0,"comment_status":"closed","ping_status":"closed","template":"","meta":[],"_links":{"self":[{"href":"https:\/\/sbz-kyffhaeuserkreis.spdns.de\/foerderverein\/index.php?rest_route=\/wp\/v2\/pages\/45"}],"collection":[{"href":"https:\/\/sbz-kyffhaeuserkreis.spdns.de\/foerderverein\/index.php?rest_route=\/wp\/v2\/pages"}],"about":[{"href":"https:\/\/sbz-kyffhaeuserkreis.spdns.de\/foerderverein\/index.php?rest_route=\/wp\/v2\/types\/page"}],"author":[{"embeddable":true,"href":"https:\/\/sbz-kyffhaeuserkreis.spdns.de\/foerderverein\/index.php?rest_route=\/wp\/v2\/users\/2"}],"replies":[{"embeddable":true,"href":"https:\/\/sbz-kyffhaeuserkreis.spdns.de\/foerderverein\/index.php?rest_route=%2Fwp%2Fv2%2Fcomments&post=45"}],"version-history":[{"count":21,"href":"https:\/\/sbz-kyffhaeuserkreis.spdns.de\/foerderverein\/index.php?rest_route=\/wp\/v2\/pages\/45\/revisions"}],"predecessor-version":[{"id":353,"href":"https:\/\/sbz-kyffhaeuserkreis.spdns.de\/foerderverein\/index.php?rest_route=\/wp\/v2\/pages\/45\/revisions\/353"}],"wp:featuredmedia":[{"embeddable":true,"href":"https:\/\/sbz-kyffhaeuserkreis.spdns.de\/foerderverein\/index.php?rest_route=\/wp\/v2\/media\/108"}],"wp:attachment":[{"href":"https:\/\/sbz-kyffhaeuserkreis.spdns.de\/foerderverein\/index.php?rest_route=%2Fwp%2Fv2%2Fmedia&parent=45"}],"curies":[{"name":"wp","href":"https:\/\/api.w.org\/{rel}","templated":true}]}}