{"id":349,"date":"2025-01-12T23:27:10","date_gmt":"2025-01-12T22:27:10","guid":{"rendered":"https:\/\/sbz-kyffhaeuserkreis.spdns.de\/foerderverein\/?page_id=349"},"modified":"2025-01-12T23:27:10","modified_gmt":"2025-01-12T22:27:10","slug":"kontakt","status":"publish","type":"page","link":"https:\/\/sbz-kyffhaeuserkreis.spdns.de\/foerderverein\/?page_id=349","title":{"rendered":"Kontakt"},"content":{"rendered":"\n<p><em>STEFAN BOSBACH (Vorsitzender)<\/em><\/p>\n\n\n\n<p><em>Tel.: 03632-52290<\/em><\/p>\n\n\n\n<p><em>Email:\u00a0<a rel=\"noreferrer noopener\" href=\"mailto:sbosbach@sbz-kyffhaeuserkreis.de\" target=\"_blank\">sbosbach@sbz-kyffhaeuserkreis.de<\/a><\/em><\/p>\n\n\n\n<p><em>Postadresse: <\/em><br><em>F\u00f6rderverein des SBZ Kyffh\u00e4userkreis <\/em><br><em>Salzstra\u00dfe 16, <\/em><br><em>99706 Sondershausen<\/em><\/p>\n","protected":false},"excerpt":{"rendered":"<p>STEFAN BOSBACH (Vorsitzender) Tel.: 03632-52290 Email:\u00a0sbosbach@sbz-kyffhaeuserkreis.de Postadresse: F\u00f6rderverein des SBZ Kyffh\u00e4userkreis Salzstra\u00dfe 16, 99706 Sondershausen<\/p>\n","protected":false},"author":2,"featured_media":0,"parent":0,"menu_order":0,"comment_status":"closed","ping_status":"closed","template":"","meta":[],"_links":{"self":[{"href":"https:\/\/sbz-kyffhaeuserkreis.spdns.de\/foerderverein\/index.php?rest_route=\/wp\/v2\/pages\/349"}],"collection":[{"href":"https:\/\/sbz-kyffhaeuserkreis.spdns.de\/foerderverein\/index.php?rest_route=\/wp\/v2\/pages"}],"about":[{"href":"https:\/\/sbz-kyffhaeuserkreis.spdns.de\/foerderverein\/index.php?rest_route=\/wp\/v2\/types\/page"}],"author":[{"embeddable":true,"href":"https:\/\/sbz-kyffhaeuserkreis.spdns.de\/foerderverein\/index.php?rest_route=\/wp\/v2\/users\/2"}],"replies":[{"embeddable":true,"href":"https:\/\/sbz-kyffhaeuserkreis.spdns.de\/foerderverein\/index.php?rest_route=%2Fwp%2Fv2%2Fcomments&post=349"}],"version-history":[{"count":1,"href":"https:\/\/sbz-kyffhaeuserkreis.spdns.de\/foerderverein\/index.php?rest_route=\/wp\/v2\/pages\/349\/revisions"}],"predecessor-version":[{"id":351,"href":"https:\/\/sbz-kyffhaeuserkreis.spdns.de\/foerderverein\/index.php?rest_route=\/wp\/v2\/pages\/349\/revisions\/351"}],"wp:attachment":[{"href":"https:\/\/sbz-kyffhaeuserkreis.spdns.de\/foerderverein\/index.php?rest_route=%2Fwp%2Fv2%2Fmedia&parent=349"}],"curies":[{"name":"wp","href":"https:\/\/api.w.org\/{rel}","templated":true}]}}