{"id":25,"date":"2019-01-06T18:18:41","date_gmt":"2019-01-06T17:18:41","guid":{"rendered":"https:\/\/sbz-kyffhaeuserkreis.spdns.de\/foerderverein\/?page_id=25"},"modified":"2019-01-29T19:51:34","modified_gmt":"2019-01-29T18:51:34","slug":"beitrittserklaerung","status":"publish","type":"page","link":"https:\/\/sbz-kyffhaeuserkreis.spdns.de\/foerderverein\/?page_id=25","title":{"rendered":"Beitrittserkl\u00e4rung"},"content":{"rendered":"\n<p style=\"text-align:center\" class=\"has-background has-very-light-gray-background-color\">Wenn Sie sich zu einer Mitgliedschaft im &#8222;F\u00f6rderverein des Staatlichen Berufsschulzentrums Kyffh\u00e4userkreis e.V.&#8220; entschieden haben, ben\u00f6tigen sie folgendes Antragsformular:<\/p>\n\n\n\n<p style=\"text-align:center\" class=\"has-background has-medium-font-size has-very-light-gray-background-color\"><a href=\"https:\/\/sbz-kyffhaeuserkreis.spdns.de\/foerderverein\/wp-content\/uploads\/2019\/01\/Beitrittserkl\u00e4rung.pdf\">Beitrittserkl\u00e4rung<\/a><\/p>\n\n\n\n<p style=\"text-align:center\" class=\"has-background has-very-light-gray-background-color\"><strong>Voraussetzungen f\u00fcr die Mitgliedschaft sind laut Satzung folgende:<\/strong><\/p>\n\n\n\n<p style=\"text-align:center\" class=\"has-background has-very-light-gray-background-color\"><strong>Mitgliedschaft<\/strong><br> \u00a76<br> Mitglied kann jede gesch\u00e4ftsf\u00e4hige Person werden, die den Zweck des Vereins unterst\u00fctzt.<br> Die Aufnahme eines Mitgliedes kann jederzeit nach schriftlichem Antrag durch den Vorstand erfolgen. Dem Mitglied wird die Satzung ausgeh\u00e4ndigt.<br> Einzelpersonen, Firmen, Beh\u00f6rden u.a. k\u00f6nnen den Verein bei der Durchf\u00fchrung seiner Aufgaben als f\u00f6rdernde Mitglieder unterst\u00fctzen.<br> Zu Ehrenmitgliedern k\u00f6nnen durch Beschluss der Jahreshauptversammlung Personen ernannt werden, die sich hervorragend um den Verein verdient gemacht haben.<\/p>\n\n\n\n<p style=\"text-align:center\" class=\"has-background has-very-light-gray-background-color\"><strong>Der Mitgliedsbeitrag betr\u00e4gt 12,00 Euro pro Jahr und wird selbstst\u00e4ndig auf das im Antrag angegebene Bankkonto durch das Mitglied \u00fcberwiesen.<\/strong><\/p>\n\n\n\n<p><\/p>\n\n\n\n<p><br><\/p>\n","protected":false},"excerpt":{"rendered":"<p>Wenn Sie sich zu einer Mitgliedschaft im &#8222;F\u00f6rderverein des Staatlichen Berufsschulzentrums Kyffh\u00e4userkreis e.V.&#8220; entschieden haben, ben\u00f6tigen sie folgendes Antragsformular: Beitrittserkl\u00e4rung Voraussetzungen f\u00fcr die Mitgliedschaft sind&#8230;<\/p>\n","protected":false},"author":2,"featured_media":0,"parent":0,"menu_order":0,"comment_status":"closed","ping_status":"closed","template":"","meta":[],"_links":{"self":[{"href":"https:\/\/sbz-kyffhaeuserkreis.spdns.de\/foerderverein\/index.php?rest_route=\/wp\/v2\/pages\/25"}],"collection":[{"href":"https:\/\/sbz-kyffhaeuserkreis.spdns.de\/foerderverein\/index.php?rest_route=\/wp\/v2\/pages"}],"about":[{"href":"https:\/\/sbz-kyffhaeuserkreis.spdns.de\/foerderverein\/index.php?rest_route=\/wp\/v2\/types\/page"}],"author":[{"embeddable":true,"href":"https:\/\/sbz-kyffhaeuserkreis.spdns.de\/foerderverein\/index.php?rest_route=\/wp\/v2\/users\/2"}],"replies":[{"embeddable":true,"href":"https:\/\/sbz-kyffhaeuserkreis.spdns.de\/foerderverein\/index.php?rest_route=%2Fwp%2Fv2%2Fcomments&post=25"}],"version-history":[{"count":21,"href":"https:\/\/sbz-kyffhaeuserkreis.spdns.de\/foerderverein\/index.php?rest_route=\/wp\/v2\/pages\/25\/revisions"}],"predecessor-version":[{"id":148,"href":"https:\/\/sbz-kyffhaeuserkreis.spdns.de\/foerderverein\/index.php?rest_route=\/wp\/v2\/pages\/25\/revisions\/148"}],"wp:attachment":[{"href":"https:\/\/sbz-kyffhaeuserkreis.spdns.de\/foerderverein\/index.php?rest_route=%2Fwp%2Fv2%2Fmedia&parent=25"}],"curies":[{"name":"wp","href":"https:\/\/api.w.org\/{rel}","templated":true}]}}