{"id":135,"date":"2019-01-14T18:29:54","date_gmt":"2019-01-14T17:29:54","guid":{"rendered":"https:\/\/sbz-kyffhaeuserkreis.spdns.de\/foerderverein\/?page_id=135"},"modified":"2026-03-31T14:18:29","modified_gmt":"2026-03-31T12:18:29","slug":"aktuelles","status":"publish","type":"page","link":"https:\/\/sbz-kyffhaeuserkreis.spdns.de\/foerderverein\/","title":{"rendered":"Aktuelles"},"content":{"rendered":"\n<p class=\"has-text-align-center\"><strong>Jahreshauptversammlung F\u00f6rderverein des Staatlichen Berufsschulzentrums Kyffh\u00e4userkreis 1994 e.V. am 22.04.2026<\/strong><\/p>\n\n\n\n<p><\/p>\n\n\n\n<p>Im Namen des Vorstandes m\u00f6chte ich ganz herzlich zur ordentlichen Jahreshaupt-versammlung einladen. Die Versammlung findet am 22.04.2026 um 15:15 Uhr im Raum E 2.38 statt.<\/p>\n\n\n\n<p>Bei der letzten Jahreshauptversammlung haben wir uns entschlossen bis zum 31.03.2026 einen neuen Vorstand auf die Beine zu stellen, sowie eine klare \u00dcbergabe zu erm\u00f6glichen.<\/p>\n\n\n\n<p>Dieser Vorgang ist abgeschlossen und wir k\u00f6nnen zur Jahreshauptversammlung einladen!<\/p>\n\n\n\n<p><strong>Tagesordnung:<\/strong><\/p>\n\n\n\n<p>1. Begr\u00fc\u00dfung<\/p>\n\n\n\n<p>2. Feststellung der satzungsgem\u00e4\u00dfen Einladung und Feststellung der Beschlussf\u00e4higkeit<\/p>\n\n\n\n<p>3. Bericht \u00fcber die Arbeit unseres Vereins im Jahr 2025 und Anfang 2026<\/p>\n\n\n\n<p>4. Kassenbericht \u00fcber Einnahmen und Ausgaben im Jahr 2025<\/p>\n\n\n\n<p>5. Diskussion<\/p>\n\n\n\n<p>6. Entlastung des Vorstandes<\/p>\n\n\n\n<p>7. Wahl der Wahlkommission<\/p>\n\n\n\n<p>8. Vorschl\u00e4ge f\u00fcr einen <strong>neuen<\/strong> Vorstand<\/p>\n\n\n\n<p>9. Wahl des neuen Vorstandes<\/p>\n\n\n\n<p>10. Verschiedenes<\/p>\n\n\n\n<p>11. Schlusswort<\/p>\n\n\n\n<p class=\"has-text-align-right\">Sondershausen, 25.03.2026<\/p>\n\n\n\n<p class=\"has-text-align-center\">Mit freundlichen Gr\u00fc\u00dfen<\/p>\n\n\n\n<p class=\"has-text-align-center\">Stefan Bosbach (Vorsitzender)<\/p>\n\n\n\n<p><\/p>\n\n\n\n<p>PS: Wir m\u00f6chten Ihnen gerne etwas nahrhaftes anbieten, bitte melden Sie sich ab, falls Sie nicht kommen!<\/p>\n","protected":false},"excerpt":{"rendered":"<p>Jahreshauptversammlung F\u00f6rderverein des Staatlichen Berufsschulzentrums Kyffh\u00e4userkreis 1994 e.V. am 22.04.2026 Im Namen des Vorstandes m\u00f6chte ich ganz herzlich zur ordentlichen Jahreshaupt-versammlung einladen. Die Versammlung findet&#8230;<\/p>\n","protected":false},"author":2,"featured_media":0,"parent":0,"menu_order":0,"comment_status":"closed","ping_status":"closed","template":"","meta":[],"_links":{"self":[{"href":"https:\/\/sbz-kyffhaeuserkreis.spdns.de\/foerderverein\/index.php?rest_route=\/wp\/v2\/pages\/135"}],"collection":[{"href":"https:\/\/sbz-kyffhaeuserkreis.spdns.de\/foerderverein\/index.php?rest_route=\/wp\/v2\/pages"}],"about":[{"href":"https:\/\/sbz-kyffhaeuserkreis.spdns.de\/foerderverein\/index.php?rest_route=\/wp\/v2\/types\/page"}],"author":[{"embeddable":true,"href":"https:\/\/sbz-kyffhaeuserkreis.spdns.de\/foerderverein\/index.php?rest_route=\/wp\/v2\/users\/2"}],"replies":[{"embeddable":true,"href":"https:\/\/sbz-kyffhaeuserkreis.spdns.de\/foerderverein\/index.php?rest_route=%2Fwp%2Fv2%2Fcomments&post=135"}],"version-history":[{"count":20,"href":"https:\/\/sbz-kyffhaeuserkreis.spdns.de\/foerderverein\/index.php?rest_route=\/wp\/v2\/pages\/135\/revisions"}],"predecessor-version":[{"id":386,"href":"https:\/\/sbz-kyffhaeuserkreis.spdns.de\/foerderverein\/index.php?rest_route=\/wp\/v2\/pages\/135\/revisions\/386"}],"wp:attachment":[{"href":"https:\/\/sbz-kyffhaeuserkreis.spdns.de\/foerderverein\/index.php?rest_route=%2Fwp%2Fv2%2Fmedia&parent=135"}],"curies":[{"name":"wp","href":"https:\/\/api.w.org\/{rel}","templated":true}]}}