{"id":126,"date":"2019-01-14T18:24:15","date_gmt":"2019-01-14T17:24:15","guid":{"rendered":"https:\/\/sbz-kyffhaeuserkreis.spdns.de\/foerderverein\/?page_id=126"},"modified":"2019-08-15T21:59:35","modified_gmt":"2019-08-15T19:59:35","slug":"wer-sind-wir","status":"publish","type":"page","link":"https:\/\/sbz-kyffhaeuserkreis.spdns.de\/foerderverein\/?page_id=126","title":{"rendered":"Vorstand"},"content":{"rendered":"\n<p>Und das sind wir, die Frauen und M\u00e4nner, die sich mit Herzblut dem Schulf\u00f6rderverein des SBZ-Kyffh\u00e4userkreis verschrieben haben.<\/p>\n\n\n\n<figure class=\"wp-block-image\"><img loading=\"lazy\" width=\"1024\" height=\"768\" src=\"https:\/\/sbz-kyffhaeuserkreis.spdns.de\/foerderverein\/wp-content\/uploads\/2019\/08\/Vorstand-2-1024x768.jpg\" alt=\"v.l. Thomas Danke (Schriftf\u00fchrer); Margit Dietrich; Ina Krone (Kassenwart); Helga Gudacker; Dankmar Schade; Stefan Bosbach (Vorsitzender); Kay Oswald  \" class=\"wp-image-214\" srcset=\"https:\/\/sbz-kyffhaeuserkreis.spdns.de\/foerderverein\/wp-content\/uploads\/2019\/08\/Vorstand-2-1024x768.jpg 1024w, https:\/\/sbz-kyffhaeuserkreis.spdns.de\/foerderverein\/wp-content\/uploads\/2019\/08\/Vorstand-2-300x225.jpg 300w, https:\/\/sbz-kyffhaeuserkreis.spdns.de\/foerderverein\/wp-content\/uploads\/2019\/08\/Vorstand-2-768x576.jpg 768w, https:\/\/sbz-kyffhaeuserkreis.spdns.de\/foerderverein\/wp-content\/uploads\/2019\/08\/Vorstand-2-1218x914.jpg 1218w, https:\/\/sbz-kyffhaeuserkreis.spdns.de\/foerderverein\/wp-content\/uploads\/2019\/08\/Vorstand-2-480x360.jpg 480w\" sizes=\"(max-width: 1024px) 100vw, 1024px\" \/><figcaption> v.l. Thomas Danke (Schriftf\u00fchrer); Margit Dietrich; Ina Krone  (Kassenwart); Helga Gudacker; Dankmar Schade; Stefan Bosbach  (Vorsitzender); Kay Oswald\u00a0\u00a0 <\/figcaption><\/figure>\n","protected":false},"excerpt":{"rendered":"<p>Und das sind wir, die Frauen und M\u00e4nner, die sich mit Herzblut dem Schulf\u00f6rderverein des SBZ-Kyffh\u00e4userkreis verschrieben haben.<\/p>\n","protected":false},"author":2,"featured_media":0,"parent":0,"menu_order":0,"comment_status":"closed","ping_status":"closed","template":"","meta":[],"_links":{"self":[{"href":"https:\/\/sbz-kyffhaeuserkreis.spdns.de\/foerderverein\/index.php?rest_route=\/wp\/v2\/pages\/126"}],"collection":[{"href":"https:\/\/sbz-kyffhaeuserkreis.spdns.de\/foerderverein\/index.php?rest_route=\/wp\/v2\/pages"}],"about":[{"href":"https:\/\/sbz-kyffhaeuserkreis.spdns.de\/foerderverein\/index.php?rest_route=\/wp\/v2\/types\/page"}],"author":[{"embeddable":true,"href":"https:\/\/sbz-kyffhaeuserkreis.spdns.de\/foerderverein\/index.php?rest_route=\/wp\/v2\/users\/2"}],"replies":[{"embeddable":true,"href":"https:\/\/sbz-kyffhaeuserkreis.spdns.de\/foerderverein\/index.php?rest_route=%2Fwp%2Fv2%2Fcomments&post=126"}],"version-history":[{"count":6,"href":"https:\/\/sbz-kyffhaeuserkreis.spdns.de\/foerderverein\/index.php?rest_route=\/wp\/v2\/pages\/126\/revisions"}],"predecessor-version":[{"id":217,"href":"https:\/\/sbz-kyffhaeuserkreis.spdns.de\/foerderverein\/index.php?rest_route=\/wp\/v2\/pages\/126\/revisions\/217"}],"wp:attachment":[{"href":"https:\/\/sbz-kyffhaeuserkreis.spdns.de\/foerderverein\/index.php?rest_route=%2Fwp%2Fv2%2Fmedia&parent=126"}],"curies":[{"name":"wp","href":"https:\/\/api.w.org\/{rel}","templated":true}]}}